{"id":27,"date":"2025-10-17T14:44:38","date_gmt":"2025-10-17T14:44:38","guid":{"rendered":"https:\/\/vidangossymaquinaria.com\/?page_id=27"},"modified":"2026-01-13T15:53:51","modified_gmt":"2026-01-13T15:53:51","slug":"servicios","status":"publish","type":"page","link":"https:\/\/vidangossymaquinaria.com\/index.php\/servicios\/","title":{"rendered":"Servicios"},"content":{"rendered":"\t\t<div data-elementor-type=\"wp-page\" data-elementor-id=\"27\" class=\"elementor elementor-27\">\n\t\t\t\t<div class=\"elementor-element elementor-element-ecece4c e-flex e-con-boxed e-con e-parent\" data-id=\"ecece4c\" data-element_type=\"container\">\n\t\t\t\t\t<div class=\"e-con-inner\">\n\t\t\t\t<div class=\"elementor-element elementor-element-b375d47 elementor-widget elementor-widget-heading\" data-id=\"b375d47\" data-element_type=\"widget\" data-widget_type=\"heading.default\">\n\t\t\t\t\t<h2 class=\"elementor-heading-title elementor-size-default\">Acerca de nosotros<\/h2>\t\t\t\t<\/div>\n\t\t\t\t<div class=\"elementor-element elementor-element-030686e elementor-widget elementor-widget-text-editor\" data-id=\"030686e\" data-element_type=\"widget\" data-widget_type=\"text-editor.default\">\n\t\t\t\t\t\t\t\t\t<h2><img decoding=\"async\" class=\"emoji\" role=\"img\" draggable=\"false\" src=\"https:\/\/s.w.org\/images\/core\/emoji\/17.0.2\/svg\/1f69c.svg\" alt=\"\ud83d\ude9c\" \/> Servicios de Arriendo de Maquinaria Pesada<\/h2><p>En <strong>Vidangossy Maquinarias<\/strong> ofrecemos soluciones integrales para proyectos de construcci\u00f3n, miner\u00eda y obras civiles en Chile, poniendo a disposici\u00f3n de nuestros clientes una amplia flota de equipos modernos y confiables.<\/p><h3><img decoding=\"async\" class=\"emoji\" role=\"img\" draggable=\"false\" src=\"https:\/\/s.w.org\/images\/core\/emoji\/17.0.2\/svg\/1f527.svg\" alt=\"\ud83d\udd27\" \/> Nuestros principales servicios<\/h3><ul><li><strong>Arriendo de excavadoras y retroexcavadoras<\/strong>: ideales para movimiento de tierra, excavaciones profundas y trabajos de demolici\u00f3n.<\/li><li><strong>Cargadores frontales y bulldozers<\/strong>: para nivelaci\u00f3n de terrenos, traslado de materiales y preparaci\u00f3n de superficies.<\/li><li><strong>Gr\u00faas y equipos de Izaje<\/strong>: perfectos para montaje de estructuras y manipulaci\u00f3n de cargas pesadas.<\/li><li><strong>Camiones y maquinaria de transporte<\/strong>: para traslado seguro y eficiente de materiales en faenas.<\/li><li><strong>Equipos especializados<\/strong>: compactadoras, motoniveladoras y maquinaria para obras viales.<\/li><\/ul><h3><img decoding=\"async\" class=\"emoji\" role=\"img\" draggable=\"false\" src=\"https:\/\/s.w.org\/images\/core\/emoji\/17.0.2\/svg\/2705.svg\" alt=\"\u2705\" \/> Beneficios para nuestros clientes<\/h3><ul><li>Flota en constante mantenci\u00f3n y certificaci\u00f3n t\u00e9cnica.<\/li><li>Flexibilidad en plazos de arriendo, adaptados a cada proyecto.<\/li><li>Asesor\u00eda personalizada para seleccionar el equipo adecuado.<\/li><li>Entrega r\u00e1pida y log\u00edstica eficiente en distintas regiones de Chile.<\/li><\/ul><p><!--EndFragment --><\/p>\t\t\t\t\t\t\t\t<\/div>\n\t\t\t\t\t<\/div>\n\t\t\t\t<\/div>\n\t\t\t\t<\/div>\n\t\t","protected":false},"excerpt":{"rendered":"<p>Acerca de nosotros Servicios de Arriendo de Maquinaria Pesada En Vidangossy Maquinarias ofrecemos soluciones integrales para proyectos de construcci\u00f3n, miner\u00eda y obras civiles en Chile, poniendo a disposici\u00f3n de nuestros clientes una amplia flota de equipos modernos y confiables. Nuestros principales servicios Arriendo de excavadoras y retroexcavadoras: ideales para movimiento de tierra, excavaciones profundas y [&hellip;]<\/p>\n","protected":false},"author":1,"featured_media":0,"parent":0,"menu_order":0,"comment_status":"closed","ping_status":"closed","template":"elementor_header_footer","meta":{"footnotes":""},"class_list":["post-27","page","type-page","status-publish","hentry","entry"],"_links":{"self":[{"href":"https:\/\/vidangossymaquinaria.com\/index.php\/wp-json\/wp\/v2\/pages\/27","targetHints":{"allow":["GET"]}}],"collection":[{"href":"https:\/\/vidangossymaquinaria.com\/index.php\/wp-json\/wp\/v2\/pages"}],"about":[{"href":"https:\/\/vidangossymaquinaria.com\/index.php\/wp-json\/wp\/v2\/types\/page"}],"author":[{"embeddable":true,"href":"https:\/\/vidangossymaquinaria.com\/index.php\/wp-json\/wp\/v2\/users\/1"}],"replies":[{"embeddable":true,"href":"https:\/\/vidangossymaquinaria.com\/index.php\/wp-json\/wp\/v2\/comments?post=27"}],"version-history":[{"count":25,"href":"https:\/\/vidangossymaquinaria.com\/index.php\/wp-json\/wp\/v2\/pages\/27\/revisions"}],"predecessor-version":[{"id":350,"href":"https:\/\/vidangossymaquinaria.com\/index.php\/wp-json\/wp\/v2\/pages\/27\/revisions\/350"}],"wp:attachment":[{"href":"https:\/\/vidangossymaquinaria.com\/index.php\/wp-json\/wp\/v2\/media?parent=27"}],"curies":[{"name":"wp","href":"https:\/\/api.w.org\/{rel}","templated":true}]}}